 
{"id":38255,"date":"2021-12-16T15:50:23","date_gmt":"2021-12-16T15:50:23","guid":{"rendered":"https:\/\/www.juno-mrkt.com\/?page_id=38255"},"modified":"2026-04-17T19:09:23","modified_gmt":"2026-04-17T19:09:23","slug":"home","status":"publish","type":"page","link":"https:\/\/www.juno-mrkt.com\/en\/","title":{"rendered":"Home"},"content":{"rendered":"\t\t<div data-elementor-type=\"wp-page\" data-elementor-id=\"38255\" class=\"elementor elementor-38255\">\n\t\t\t\t\t\t<section class=\"elementor-section elementor-top-section elementor-element elementor-element-9bfd07c elementor-section-boxed elementor-section-height-default elementor-section-height-default\" data-id=\"9bfd07c\" data-element_type=\"section\" data-e-type=\"section\">\n\t\t\t\t\t\t<div class=\"elementor-container elementor-column-gap-default\">\n\t\t\t\t\t<div class=\"elementor-column elementor-col-100 elementor-top-column elementor-element elementor-element-54ac127\" data-id=\"54ac127\" data-element_type=\"column\" data-e-type=\"column\">\n\t\t\t<div class=\"elementor-widget-wrap elementor-element-populated\">\n\t\t\t\t\t\t<div class=\"elementor-element elementor-element-e1759c5 elementor-widget elementor-widget-image\" data-id=\"e1759c5\" data-element_type=\"widget\" data-e-type=\"widget\" data-widget_type=\"image.default\">\n\t\t\t\t<div class=\"elementor-widget-container\">\n\t\t\t\t\t\t\t\t\t\t\t\t\t\t\t<img fetchpriority=\"high\" decoding=\"async\" width=\"521\" height=\"167\" src=\"https:\/\/www.juno-mrkt.com\/wp-content\/uploads\/JM-NEWLOGO-ORANGE.png\" class=\"attachment-large size-large wp-image-44461\" alt=\"\" srcset=\"https:\/\/www.juno-mrkt.com\/wp-content\/uploads\/JM-NEWLOGO-ORANGE.png 521w, https:\/\/www.juno-mrkt.com\/wp-content\/uploads\/JM-NEWLOGO-ORANGE-300x96.png 300w\" sizes=\"(max-width: 521px) 100vw, 521px\" \/>\t\t\t\t\t\t\t\t\t\t\t\t\t\t\t<\/div>\n\t\t\t\t<\/div>\n\t\t\t\t\t<\/div>\n\t\t<\/div>\n\t\t\t\t\t<\/div>\n\t\t<\/section>\n\t\t\t\t<section class=\"elementor-section elementor-top-section elementor-element elementor-element-6984cbf elementor-section-boxed elementor-section-height-default elementor-section-height-default\" data-id=\"6984cbf\" data-element_type=\"section\" data-e-type=\"section\">\n\t\t\t\t\t\t<div class=\"elementor-container elementor-column-gap-default\">\n\t\t\t\t\t<div class=\"elementor-column elementor-col-100 elementor-top-column elementor-element elementor-element-fd354d5\" data-id=\"fd354d5\" data-element_type=\"column\" data-e-type=\"column\">\n\t\t\t<div class=\"elementor-widget-wrap elementor-element-populated\">\n\t\t\t\t\t\t\t<\/div>\n\t\t<\/div>\n\t\t\t\t\t<\/div>\n\t\t<\/section>\n\t\t\t\t<\/div>\n\t\t","protected":false},"excerpt":{"rendered":"<p>Jakie elementy decyduj\u0105 o jako\u015bci nowoczesnego kasyna internetowego? Rynek hazardu online osi\u0105gn\u0105\u0142 dzi\u015b poziom, na kt&oacute;rym gracze nie oceniaj\u0105 ju\u017c platform wy\u0142\u0105cznie po tym, ile automat&oacute;w oferuj\u0105 lub jak du\u017cy bonus widnieje na stronie g\u0142&oacute;wnej. Wsp&oacute;\u0142czesny u\u017cytkownik oczekuje znacznie wi\u0119cej, poniewa\u017c konkurencja pomi\u0119dzy operatorami sprawi\u0142a, \u017ce standardy jako\u015bci wzros\u0142y praktycznie w ka\u017cdym obszarze dzia\u0142alno\u015bci kasyn [&hellip;]<\/p>\n","protected":false},"author":4,"featured_media":0,"parent":0,"menu_order":0,"comment_status":"closed","ping_status":"closed","template":"elementor_canvas","meta":{"content-type":"","om_disable_all_campaigns":false,"_monsterinsights_skip_tracking":false,"_monsterinsights_sitenote_active":false,"_monsterinsights_sitenote_note":"","_monsterinsights_sitenote_category":0,"footnotes":""},"class_list":["post-38255","page","type-page","status-publish","hentry"],"aioseo_notices":[],"_links":{"self":[{"href":"https:\/\/www.juno-mrkt.com\/en\/wp-json\/wp\/v2\/pages\/38255","targetHints":{"allow":["GET"]}}],"collection":[{"href":"https:\/\/www.juno-mrkt.com\/en\/wp-json\/wp\/v2\/pages"}],"about":[{"href":"https:\/\/www.juno-mrkt.com\/en\/wp-json\/wp\/v2\/types\/page"}],"author":[{"embeddable":true,"href":"https:\/\/www.juno-mrkt.com\/en\/wp-json\/wp\/v2\/users\/4"}],"replies":[{"embeddable":true,"href":"https:\/\/www.juno-mrkt.com\/en\/wp-json\/wp\/v2\/comments?post=38255"}],"version-history":[{"count":22,"href":"https:\/\/www.juno-mrkt.com\/en\/wp-json\/wp\/v2\/pages\/38255\/revisions"}],"predecessor-version":[{"id":46695,"href":"https:\/\/www.juno-mrkt.com\/en\/wp-json\/wp\/v2\/pages\/38255\/revisions\/46695"}],"wp:attachment":[{"href":"https:\/\/www.juno-mrkt.com\/en\/wp-json\/wp\/v2\/media?parent=38255"}],"curies":[{"name":"wp","href":"https:\/\/api.w.org\/{rel}","templated":true}]}}