 
{"id":39804,"date":"2023-02-21T01:44:36","date_gmt":"2023-02-21T01:44:36","guid":{"rendered":"https:\/\/www.juno-mrkt.com\/juno-100-tc\/"},"modified":"2023-02-21T01:45:22","modified_gmt":"2023-02-21T01:45:22","slug":"juno-100-terms-and-conditions","status":"publish","type":"page","link":"https:\/\/www.juno-mrkt.com\/vi\/juno-100-terms-and-conditions\/","title":{"rendered":"Juno 100 T&#038;C"},"content":{"rendered":"\t\t<div data-elementor-type=\"wp-page\" data-elementor-id=\"39804\" class=\"elementor elementor-39804 elementor-39758\">\n\t\t\t\t\t\t<section class=\"elementor-section elementor-top-section elementor-element elementor-element-901c54d elementor-section-boxed elementor-section-height-default elementor-section-height-default\" data-id=\"901c54d\" data-element_type=\"section\" data-e-type=\"section\">\n\t\t\t\t\t\t<div class=\"elementor-container elementor-column-gap-default\">\n\t\t\t\t\t<div class=\"elementor-column elementor-col-100 elementor-top-column elementor-element elementor-element-485810e\" data-id=\"485810e\" data-element_type=\"column\" data-e-type=\"column\">\n\t\t\t<div class=\"elementor-widget-wrap elementor-element-populated\">\n\t\t\t\t\t\t<div class=\"elementor-element elementor-element-edc542e elementor-widget elementor-widget-text-editor\" data-id=\"edc542e\" data-element_type=\"widget\" data-e-type=\"widget\" data-widget_type=\"text-editor.default\">\n\t\t\t\t<div class=\"elementor-widget-container\">\n\t\t\t\t\t\t\t\t\t<p>\t<span style=\"text-decoration: underline;\"><strong>Ti\u1ec1n th\u01b0\u1edfng Juno100 T&#038;C<\/strong><\/span><\/p>\n<ol style=\"line-height: 35px;\">\n<li>Kho\u1ea3n ti\u1ec1n th\u01b0\u1edfng T\u00edn d\u1ee5ng 100 USD s\u1ebd \u0111\u01b0\u1ee3c th\u00eam v\u00e0o t\u00e0i kho\u1ea3n giao d\u1ecbch c\u1ee7a kh\u00e1ch h\u00e0ng trong l\u1ea7n n\u1ea1p l\u1ea1i 100 USD \u0111\u1ea7u ti\u00ean sau khi chi\u1ebfn d\u1ecbch b\u1eaft \u0111\u1ea7u.<\/li>\n<li>Ti\u1ec1n th\u01b0\u1edfng t\u00edn d\u1ee5ng \u0111\u01b0\u1ee3c \u00e1p d\u1ee5ng cho t\u1ea5t c\u1ea3 c\u00e1c lo\u1ea1i t\u00e0i kho\u1ea3n giao d\u1ecbch ngo\u1ea1i tr\u1eeb:\n<ol type=\"i\" start=\"i\">\n<li>T\u00e0i kho\u1ea3n MAM<\/li>\n<li>T\u00e0i kho\u1ea3n cu\u1ed9c thi<\/li>\n<\/ol>\n<\/li>\n<li>Th\u1eddi gian t\u1eeb 20\/2\/2023 \u2013 28\/2\/2023.<\/li>\n<li>Kho\u1ea3n ti\u1ec1n g\u1eedi t\u1ed1i thi\u1ec3u \u0111\u1ec3 \u0111\u0103ng k\u00fd Ti\u1ec1n th\u01b0\u1edfng t\u00edn d\u1ee5ng l\u00e0 100 USD ho\u1eb7c ti\u1ec1n t\u1ec7 t\u01b0\u01a1ng \u0111\u01b0\u01a1ng.<\/li>\n<li>Ti\u1ec1n th\u01b0\u1edfng T\u00edn d\u1ee5ng s\u1ebd ch\u1ec9 \u0111\u01b0\u1ee3c \u00e1p d\u1ee5ng cho t\u00e0i kho\u1ea3n giao d\u1ecbch sau khi ch\u1ea5p nh\u1eadn c\u00e1c \u0111i\u1ec1u kho\u1ea3n v\u00e0 \u0111i\u1ec1u ki\u1ec7n.<\/li>\n<li>Ti\u1ec1n th\u01b0\u1edfng T\u00edn d\u1ee5ng s\u1ebd \u0111\u01b0\u1ee3c ghi c\u00f3 v\u00e0o t\u00e0i kho\u1ea3n giao d\u1ecbch sau khi n\u1ea1p l\u1ea1i th\u00e0nh c\u00f4ng s\u1ed1 ti\u1ec1n t\u1ed1i thi\u1ec3u l\u00e0 100 USD. Chuy\u1ec3n kho\u1ea3n n\u1ed9i b\u1ed9 kh\u00f4ng \u0111\u1ee7 \u0111i\u1ec1u ki\u1ec7n \u0111\u1ec3 y\u00eau c\u1ea7u 100% Th\u01b0\u1edfng t\u00edn d\u1ee5ng n\u00e0y.<\/li>\n<li>Ti\u1ec1n th\u01b0\u1edfng T\u00edn d\u1ee5ng ch\u1ec9 gi\u1edbi h\u1ea1n \u1edf m\u1ed9t (1) t\u00e0i kho\u1ea3n cho m\u1ed7i Kh\u00e1ch h\u00e0ng v\u00e0 cho m\u1ed7i \u0111\u1ecba ch\u1ec9 IP, b\u1ea5t k\u1ec3 s\u1ed1 l\u01b0\u1ee3ng t\u00e0i kho\u1ea3n m\u00e0 kh\u00e1ch h\u00e0ng n\u1eafm gi\u1eef.<\/li>\n<li>Ti\u1ec1n th\u01b0\u1edfng t\u00edn d\u1ee5ng ch\u1ec9 c\u00f3 th\u1ec3 \u0111\u01b0\u1ee3c \u00e1p d\u1ee5ng cho l\u1ea7n g\u1eedi l\u1ea1i \u0111\u1ea7u ti\u00ean khi tri\u1ec3n khai ch\u01b0\u01a1ng tr\u00ecnh.<\/li>\n<li>Kh\u00f4ng y\u00eau c\u1ea7u (c\u00e1c) l\u00f4 t\u1ed1i thi\u1ec3u.<\/li>\n<li>Ti\u1ec1n th\u01b0\u1edfng T\u00edn d\u1ee5ng kh\u00f4ng th\u1ec3 r\u00fat \u0111\u01b0\u1ee3c.<\/li>\n<li>Klien diperbolehkan untuk melakukan withdrawal atau transfer dana ke akun lain.<\/li>\n<li>Ti\u1ec1n th\u01b0\u1edfng t\u00edn d\u1ee5ng s\u1ebd b\u1ecb x\u00f3a khi \u0111\u00e1p \u1ee9ng c\u00e1c \u0111i\u1ec1u ki\u1ec7n sau:\n<ol type=\"i\" start=\"i\">\n<li>Khi v\u1ed1n ch\u1ee7 s\u1edf h\u1eefu c\u1ee7a t\u00e0i kho\u1ea3n b\u1eb1ng v\u00e0 nh\u1ecf h\u01a1n s\u1ed1 ti\u1ec1n ghi c\u00f3<\/li>\n<li>Khi c\u00f3 y\u00eau c\u1ea7u r\u00fat to\u00e0n b\u1ed9<\/li>\n<\/ol>\n<\/li>\n<li>Ti\u1ec1n th\u01b0\u1edfng t\u00edn d\u1ee5ng tu\u00e2n theo c\u00e1c \u0111i\u1ec1u kho\u1ea3n v\u00e0 \u0111i\u1ec1u ki\u1ec7n c\u00f3 trong t\u00e0i li\u1ec7u n\u00e0y v\u00e0 tu\u00e2n theo t\u1ea5t c\u1ea3 c\u00e1c \u0111i\u1ec1u kho\u1ea3n v\u00e0 \u0111i\u1ec1u ki\u1ec7n hi\u1ec7n c\u00f3 c\u1ee7a JUNO MARKETS.<\/li>\n<li>Trong tr\u01b0\u1eddng h\u1ee3p c\u00f3 b\u1ea5t k\u1ef3 s\u1ef1 thi\u1ebfu th\u1eadn tr\u1ecdng khi giao d\u1ecbch, l\u1ed7 qu\u00e1 m\u1ee9c, l\u1ea1m d\u1ee5ng c\u00e1c l\u1ec7nh \u201cHedge\u201d, th\u00ec c\u00e1c giao d\u1ecbch \u0111\u00f3 s\u1ebd \u0111\u01b0\u1ee3c xem l\u00e0 h\u00e0nh \u0111\u1ed9ng kh\u00f4ng h\u1ee3p l\u1ec7, v\u1edbi Juno Markets ho\u1eb7c v\u1edbi m\u1ed9t nh\u00e0 m\u00f4i gi\u1edbi kh\u00e1c. Juno Markets c\u00f3 quy\u1ec1n h\u1ee7y giao d\u1ecbch n\u1ebfu h\u1ecd cho r\u1eb1ng kh\u00e1ch h\u00e0ng \u0111ang l\u1ea1m d\u1ee5ng th\u01b0\u1edfng. M\u1ed9t v\u00ed d\u1ee5 v\u1ec1 chi\u1ebfn l\u01b0\u1ee3c giao d\u1ecbch n\u00e0y l\u00e0 m\u1edf ba v\u1ecb tr\u00ed tr\u1edf l\u00ean v\u1edbi c\u00f9ng m\u1ed9t bi\u1ec3u t\u01b0\u1ee3ng theo c\u00f9ng m\u1ed9t h\u01b0\u1edbng trong v\u00f2ng 10 ph\u00fat.<\/li>\n<li>JUNO MARKETS c\u00f3 quy\u1ec1n thay \u0111\u1ed5i ho\u1eb7c h\u1ee7y b\u1ecf to\u00e0n b\u1ed9 ho\u1eb7c m\u1ed9t ph\u1ea7n b\u1ea5t k\u1ef3 \u0111i\u1ec1u ki\u1ec7n n\u00e0o c\u1ee7a chi\u1ebfn d\u1ecbch khuy\u1ebfn m\u1ea1i ho\u1eb7c ch\u1ea5m d\u1ee9t h\u00e0nh \u0111\u1ed9ng c\u1ee7a h\u1ecd b\u1ea5t c\u1ee9 l\u00fac n\u00e0o m\u00e0 kh\u00f4ng c\u1ea7n th\u00f4ng b\u00e1o tr\u01b0\u1edbc theo c\u00e1c quy \u0111\u1ecbnh \u0111\u01a1n ph\u01b0\u01a1ng c\u1ee7a C\u00f4ng ty.<\/li>\n<li>Juno Markets c\u00f3 quy\u1ec1n t\u00f9y \u00fd thay \u0111\u1ed5i, ch\u1ec9nh s\u1eeda, th\u00eam ho\u1eb7c x\u00f3a c\u00e1c ph\u1ea7n c\u1ee7a c\u00e1c \u0110i\u1ec1u kho\u1ea3n &#038; \u0110i\u1ec1u ki\u1ec7n n\u00e0y b\u1ea5t c\u1ee9 l\u00fac n\u00e0o b\u1eb1ng c\u00e1ch \u0111\u0103ng c\u00e1c \u0110i\u1ec1u kho\u1ea3n \u0111\u00e3 s\u1eeda \u0111\u1ed5i.<\/li>\n<li>Nh\u00e2n vi\u00ean c\u1ee7a JUNO MARKETS kh\u00f4ng \u0111\u01b0\u1ee3c tham gia ch\u01b0\u01a1ng tr\u00ecnh khuy\u1ebfn m\u00e3i n\u00e0y.<\/li>\n<li>Ph\u1ea7n th\u01b0\u1edfng n\u00e0y kh\u00f4ng \u0111\u01b0\u1ee3c k\u1ebft h\u1ee3p v\u1edbi b\u1ea5t k\u1ef3 Ph\u1ea7n th\u01b0\u1edfng n\u00e0o kh\u00e1c d\u1ef1a tr\u00ean kh\u1ed1i l\u01b0\u1ee3ng giao d\u1ecbch JUNO MARKETS c\u00f3 th\u1ec3 th\u01b0\u1edfng. N\u1ebfu t\u00e0i kho\u1ea3n giao d\u1ecbch c\u1ee7a kh\u00e1ch h\u00e0ng \u0111\u00e3 c\u00f3 Ti\u1ec1n th\u01b0\u1edfng hi\u1ec7n c\u00f3, th\u00ec h\u1ecd s\u1ebd kh\u00f4ng th\u1ec3 ch\u1ecdn tham gia khuy\u1ebfn m\u00e3i n\u00e0y HO\u1eb6C b\u1eb1ng c\u00e1ch ch\u1ea5p nh\u1eadn c\u00e1c \u0110i\u1ec1u kho\u1ea3n v\u00e0 \u0110i\u1ec1u ki\u1ec7n n\u00e0y, Kh\u00e1ch h\u00e0ng c\u0169ng ch\u1ea5p nh\u1eadn r\u1eb1ng Ti\u1ec1n th\u01b0\u1edfng tr\u01b0\u1edbc \u0111\u00f3 s\u1ebd b\u1ecb x\u00f3a tr\u01b0\u1edbc khi Ti\u1ec1n th\u01b0\u1edfng m\u1edbi \u0111\u01b0\u1ee3c \u00e1p d\u1ee5ng.<\/li>\n<\/ol>\n\t\t\t\t\t\t\t\t<\/div>\n\t\t\t\t<\/div>\n\t\t\t\t\t<\/div>\n\t\t<\/div>\n\t\t\t\t\t<\/div>\n\t\t<\/section>\n\t\t\t\t<\/div>\n\t\t","protected":false},"excerpt":{"rendered":"<p>Ti\u1ec1n th\u01b0\u1edfng Juno100 T&#038;C Kho\u1ea3n ti\u1ec1n th\u01b0\u1edfng T\u00edn d\u1ee5ng 100 USD s\u1ebd \u0111\u01b0\u1ee3c th\u00eam v\u00e0o t\u00e0i kho\u1ea3n giao d\u1ecbch c\u1ee7a kh\u00e1ch h\u00e0ng trong l\u1ea7n n\u1ea1p l\u1ea1i 100 USD \u0111\u1ea7u ti\u00ean sau khi chi\u1ebfn d\u1ecbch b\u1eaft \u0111\u1ea7u. Ti\u1ec1n th\u01b0\u1edfng t\u00edn d\u1ee5ng \u0111\u01b0\u1ee3c \u00e1p d\u1ee5ng cho t\u1ea5t c\u1ea3 c\u00e1c lo\u1ea1i t\u00e0i kho\u1ea3n giao d\u1ecbch ngo\u1ea1i tr\u1eeb: T\u00e0i [&hellip;]<\/p>\n","protected":false},"author":17,"featured_media":0,"parent":0,"menu_order":0,"comment_status":"closed","ping_status":"closed","template":"","meta":{"content-type":"","om_disable_all_campaigns":false,"_monsterinsights_skip_tracking":false,"_monsterinsights_sitenote_active":false,"_monsterinsights_sitenote_note":"","_monsterinsights_sitenote_category":0,"footnotes":""},"class_list":["post-39804","page","type-page","status-publish","hentry"],"aioseo_notices":[],"_links":{"self":[{"href":"https:\/\/www.juno-mrkt.com\/vi\/wp-json\/wp\/v2\/pages\/39804","targetHints":{"allow":["GET"]}}],"collection":[{"href":"https:\/\/www.juno-mrkt.com\/vi\/wp-json\/wp\/v2\/pages"}],"about":[{"href":"https:\/\/www.juno-mrkt.com\/vi\/wp-json\/wp\/v2\/types\/page"}],"author":[{"embeddable":true,"href":"https:\/\/www.juno-mrkt.com\/vi\/wp-json\/wp\/v2\/users\/17"}],"replies":[{"embeddable":true,"href":"https:\/\/www.juno-mrkt.com\/vi\/wp-json\/wp\/v2\/comments?post=39804"}],"version-history":[{"count":1,"href":"https:\/\/www.juno-mrkt.com\/vi\/wp-json\/wp\/v2\/pages\/39804\/revisions"}],"predecessor-version":[{"id":39805,"href":"https:\/\/www.juno-mrkt.com\/vi\/wp-json\/wp\/v2\/pages\/39804\/revisions\/39805"}],"wp:attachment":[{"href":"https:\/\/www.juno-mrkt.com\/vi\/wp-json\/wp\/v2\/media?parent=39804"}],"curies":[{"name":"wp","href":"https:\/\/api.w.org\/{rel}","templated":true}]}}